{"id":23822,"date":"2020-06-22T06:14:20","date_gmt":"2020-06-22T06:14:20","guid":{"rendered":"http:\/\/localhost\/wordpress\/greenbush\/?page_id=23822"},"modified":"2022-06-16T11:57:24","modified_gmt":"2022-06-16T11:57:24","slug":"about","status":"publish","type":"page","link":"https:\/\/greenbush.co.mz\/pt\/about\/","title":{"rendered":"About"},"content":{"rendered":"<section class=\"l-section wpb_row height_large with_img\" id=\"about-page\"><div class=\"l-section-img\" style=\"background-image: url(https:\/\/greenbush.co.mz\/wp-content\/uploads\/2020\/07\/Page-2-About-us-v04-fundo-01.png);background-position: top center;\" data-img-width=\"10668\" data-img-height=\"5501\"><\/div><div class=\"l-section-h i-cf\"><div class=\"g-cols vc_row type_default valign_middle\"><div class=\"vc_col-sm-12 wpb_column vc_column_container\"><div class=\"vc_column-inner\"><div class=\"wpb_wrapper\"><div class=\"g-cols wpb_row  type_default valign_top vc_inner\"><div class=\"vc_col-sm-6 wpb_column vc_column_container\"><div class=\"vc_column-inner\"><div class=\"wpb_wrapper\"><\/div><\/div><\/div><div class=\"vc_col-sm-6 wpb_column vc_column_container\"><div class=\"vc_column-inner\"><div class=\"wpb_wrapper\"><div class=\"wpb_text_column us_custom_6df4bc3a has_text_color\" ><div class=\"wpb_wrapper\"><h1 style=\"text-align: center;\">A NOSSA VIS\u00c3O<\/h1>\n<\/div><\/div><div class=\"ult-spacer spacer-69fecf28c354c\" data-id=\"69fecf28c354c\" data-height=\"20\" data-height-mobile=\"20\" data-height-tab=\"20\" data-height-tab-portrait=\"\" data-height-mobile-landscape=\"\" style=\"clear:both;display:block;\"><\/div><div class=\"w-separator us_custom_bf16c5ed us_separator_1 size_medium has_text_color with_line width_30 thick_1 style_solid color_border align_center with_content\"><style>@media(max-width:1024px){.us_separator_1{height:1rem!important}}@media(max-width:600px){.us_separator_1{height:1rem!important}}<\/style><div class=\"w-separator-h\"><i class=\"fas fa-fas fa-chevron-down\"><\/i><\/div><\/div><div class=\"wpb_text_column us_custom_6df4bc3a has_text_color\" ><div class=\"wpb_wrapper\"><p style=\"text-align: left; font-size: 19px;\" class=\" translation-block\">A GREENBUSH \u00e9 uma empresa de produ\u00e7\u00e3o de eventos sediada em Maputo (Mo\u00e7ambique), criada pela uni\u00e3o de duas paix\u00f5es, os neg\u00f3cios e os eventos. \nA nossa equipe acredita que a boa execu\u00e7\u00e3o de um evento pode ser uma alavanca para os objectivos organizacionais de uma empresa.\n<br>A GREENBUSH abra\u00e7a cada projecto, com uma meticulosa aten\u00e7\u00e3o ao detalhe e \u00e9 por isso que independentemente da dimens\u00e3o ou \u00e2mbito, cuidamos do seu projecto com todo o nosso foco, criando estrat\u00e9gias, definindo metas e planos espec\u00edficos por forma a assegurar o cumprimento de prazos de entrega e acima de tudo, o sucesso do seu evento.<\/p>\n<\/div><\/div><\/div><\/div><\/div><\/div><\/div><\/div><\/div><\/div><\/div><\/section><section class=\"l-section wpb_row us_custom_600e8e57 height_small\"><div class=\"l-section-h i-cf\"><div class=\"g-cols vc_row type_default valign_top\"><div class=\"vc_col-sm-12 wpb_column vc_column_container\"><div class=\"vc_column-inner us_custom_c4779df2\"><div class=\"wpb_wrapper\"><div class=\"wpb_text_column us_custom_c4779df2\" ><div class=\"wpb_wrapper\"><h2 style=\"text-align: center; color: #fff;\" class=\" translation-block\">N\u00c3O VEMOS OBST\u00c1CULOS!<br>\nCRIAMOS SOLU\u00c7\u00d5ES<\/h2>\n<\/div><\/div><\/div><\/div><\/div><\/div><\/div><\/section><!-- Row Backgrounds --><div class=\"upb_color\" data-bg-override=\"0\" data-bg-color=\"#21252b\" data-fadeout=\"\" data-fadeout-percentage=\"30\" data-parallax-content=\"\" data-parallax-content-sense=\"30\" data-row-effect-mobile-disable=\"true\" data-img-parallax-mobile-disable=\"true\" data-rtl=\"false\"  data-custom-vc-row=\"\"  data-vc=\"6.2.0\"  data-is_old_vc=\"\"  data-theme-support=\"\"   data-overlay=\"false\" data-overlay-color=\"\" data-overlay-pattern=\"\" data-overlay-pattern-opacity=\"\" data-overlay-pattern-size=\"\"    ><\/div><section class=\"l-section wpb_row height_small\"><div class=\"l-section-h i-cf\"><div class=\"g-cols vc_row type_default valign_top\"><div class=\"vc_col-sm-12 wpb_column vc_column_container\"><div class=\"vc_column-inner\"><div class=\"wpb_wrapper\"><div class=\"w-image align_center\"><div class=\"w-image-h\"><img loading=\"lazy\" decoding=\"async\" width=\"191\" height=\"96\" src=\"https:\/\/greenbush.co.mz\/wp-content\/uploads\/2020\/06\/user-img.jpg\" class=\"attachment-full size-full\" alt=\"\" \/><\/div><\/div><div class=\"wpb_text_column\" ><div class=\"wpb_wrapper\"><h2 style=\"text-align: center; color: #21252b;\">ESTAMOS TODOS CONECTADOS<\/h2>\n<\/div><\/div><\/div><\/div><\/div><\/div><\/div><\/section><!-- Row Backgrounds --><div class=\"upb_color\" data-bg-override=\"0\" data-bg-color=\"\" data-fadeout=\"\" data-fadeout-percentage=\"30\" data-parallax-content=\"\" data-parallax-content-sense=\"30\" data-row-effect-mobile-disable=\"true\" data-img-parallax-mobile-disable=\"true\" data-rtl=\"false\"  data-custom-vc-row=\"\"  data-vc=\"6.2.0\"  data-is_old_vc=\"\"  data-theme-support=\"\"   data-overlay=\"false\" data-overlay-color=\"\" data-overlay-pattern=\"\" data-overlay-pattern-opacity=\"\" data-overlay-pattern-size=\"\"    ><\/div><section class=\"l-section wpb_row us_custom_4928533a height_auto with_img with_overlay\"><div class=\"l-section-img\" style=\"background-image: url(https:\/\/greenbush.co.mz\/wp-content\/uploads\/2020\/06\/Social-responsability.jpg);\" data-img-width=\"2400\" data-img-height=\"1100\"><\/div><div class=\"l-section-overlay\" style=\"background: rgba(0,0,0,0.3)\"><\/div><div class=\"l-section-h i-cf\"><div class=\"g-cols vc_row type_default valign_top\"><div class=\"vc_col-sm-6 wpb_column vc_column_container\"><div class=\"vc_column-inner\"><div class=\"wpb_wrapper\"><div class=\"w-image align_center\"><div class=\"w-image-h\"><img loading=\"lazy\" decoding=\"async\" width=\"250\" height=\"70\" src=\"https:\/\/greenbush.co.mz\/wp-content\/uploads\/2020\/06\/Greenbush-logo-1.png\" class=\"attachment-full size-full\" alt=\"\" \/><\/div><\/div><div class=\"ult-spacer spacer-69fecf28c3f04\" data-id=\"69fecf28c3f04\" data-height=\"20\" data-height-mobile=\"20\" data-height-tab=\"20\" data-height-tab-portrait=\"\" data-height-mobile-landscape=\"\" style=\"clear:both;display:block;\"><\/div><div class=\"wpb_text_column\" ><div class=\"wpb_wrapper\"><p style=\"text-align: left; font-size: 19px; color: #fff;\" class=\" translation-block\">Na GREENBUSH, assumimos o compromisso de pr\u00e1ticas sustent\u00e1veis em todas as nossas actividades. <br>\u00c9 para n\u00f3s fundamental, criar um ambiente seguro e acima de tudo com condi\u00e7\u00f5es de trabalho justas para os nossos colaboradores e temos um enorme respeito por toda a equipe e parceiros. Al\u00e9m de tudo isto, apostamos em pr\u00e1ticas de neg\u00f3cio respons\u00e1veis impulsionando desta forma um crescimento conjunto com os nossos fornecedores.<\/p>\n<\/div><\/div><\/div><\/div><\/div><div class=\"vc_col-sm-6 wpb_column vc_column_container\"><div class=\"vc_column-inner\"><div class=\"wpb_wrapper\"><div class=\"wpb_text_column\" ><div class=\"wpb_wrapper\"><p style=\"text-align: left; font-size: 19px; color: #fff;\">A gest\u00e3o eficiente de res\u00edduos \u00e9 uma \u00e1rea em que nos focamos especificamente para reduzir nosso impacto ambiental e promover a sustentabilidade.<br \/>\nAs tr\u00eas palavras-chave s\u00e3o reduzir, reutilizar e reciclar, o que pode ter um impacto significativo na preserva\u00e7\u00e3o dos recursos naturais, reduzir a polui\u00e7\u00e3o e reduzir nossa pegada de carbono.<\/p>\n<\/div><\/div><\/div><\/div><\/div><\/div><\/div><\/section><section class=\"l-section wpb_row height_small\" id=\"about-en\"><div class=\"l-section-h i-cf\"><div class=\"g-cols vc_row type_default valign_middle\"><div class=\"vc_col-sm-8 wpb_column vc_column_container\"><div class=\"vc_column-inner\"><div class=\"wpb_wrapper\"><div id=\"uvc-type-wrap-6843\"  data-ultimate-target='#uvc-type-wrap-6843'  data-responsive-json-new='{\"font-size\":\"desktop:34px;\",\"line-height\":\"desktop:40px;\"}'  class=\"uvc-type-wrap  ult-adjust-bottom-margin ult-responsive  uvc-type-align-left  uvc-wrap-82112859769fecf28c40a1\" style=\"font-weight:normal;text-align:left;\"><span  data-ultimate-target='#uvc-type-wrap-6843 .mycustfancy'  data-responsive-json-new='{\"font-size\":\"desktop:34px;\",\"line-height\":\"\"}'  class=\"ultimate-typewriter-prefix mycustfancy ult-responsive\" style=\"font-weight:normal;color:#6a6d74; text-transform: unset;\">LET\u2019S<\/span><span id=\"typed-82112859769fecf28c40a1\" class=\"ultimate-typed-main\" style=\"color:#57bd2d; text-transform: unset;\"><\/span><script type=\"text\/javascript\"> \r\n\t\t\t\t\t\tjQuery(function($){ \r\n\t\t\t\t\t\t\t$(document).ready(function(){\r\n\t\t\t\t\t\t\t\tif( typeof jQuery(\"#typed-82112859769fecf28c40a1\").typed == \"function\"){\r\n\t\t\t\t\t\t\t\t\t$(\"#typed-82112859769fecf28c40a1\").typed({\r\n\t\t\t\t\t\t\t\t\t\tstrings: [\"DO THIS TOGETHER\"],\r\n\t\t\t\t\t\t\t\t\t\ttypeSpeed: 35,\r\n\t\t\t\t\t\t\t\t\t\tbackSpeed: 0,\r\n\t\t\t\t\t\t\t\t\t\tstartDelay: 200,\r\n\t\t\t\t\t\t\t\t\t\tbackDelay: 1500,\r\n\t\t\t\t\t\t\t\t\t\tloop: true,\r\n\t\t\t\t\t\t\t\t\t\tloopCount: false,\r\n\t\t\t\t\t\t\t\t\t\tshowCursor: true,\r\n\t\t\t\t\t\t\t\t\t\tcursorChar: \"|\",\r\n\t\t\t\t\t\t\t\t\t\tattr: null\r\n\t\t\t\t\t\t\t\t\t});\r\n\t\t\t\t\t\t\t\t}\r\n\t\t\t\t\t\t\t});\r\n\t\t\t\t\t\t});\r\n\t\t\t\t\t<\/script><style>\r\n\t\t\t\t\t\t\t.uvc-wrap-82112859769fecf28c40a1 .typed-cursor {\r\n\t\t\t\t\t\t\t\tcolor:#57bd2d;\r\n\t\t\t\t\t\t\t}\r\n\t\t\t\t\t\t<\/style><\/div><\/div><\/div><\/div><div class=\"vc_col-sm-4 wpb_column vc_column_container\"><div class=\"vc_column-inner\"><div class=\"wpb_wrapper\"><div class=\"w-btn-wrapper width_auto align_center\"><a class=\"w-btn us-btn-style_1 us_custom_e9b8b241 icon_atleft\" href=\"https:\/\/greenbush.co.mz\/pt\/pages\/contact\/\" target=\"_blank\" rel=\"noopener\"><i class=\"fas fa-phone\"><\/i><span class=\"w-btn-label\">CONTACTE-NOS<\/span><\/a><\/div><\/div><\/div><\/div><\/div><\/div><\/section><!-- Row Backgrounds --><div class=\"upb_color\" data-bg-override=\"0\" data-bg-color=\"#22252c\" data-fadeout=\"\" data-fadeout-percentage=\"30\" data-parallax-content=\"\" data-parallax-content-sense=\"30\" data-row-effect-mobile-disable=\"true\" data-img-parallax-mobile-disable=\"true\" data-rtl=\"false\"  data-custom-vc-row=\"\"  data-vc=\"6.2.0\"  data-is_old_vc=\"\"  data-theme-support=\"\"   data-overlay=\"false\" data-overlay-color=\"\" data-overlay-pattern=\"\" data-overlay-pattern-opacity=\"\" data-overlay-pattern-size=\"\"    ><\/div><section class=\"l-section wpb_row height_small\" id=\"about-pt\"><div class=\"l-section-h i-cf\"><div class=\"g-cols vc_row type_default valign_middle\"><div class=\"vc_col-sm-8 wpb_column vc_column_container\"><div class=\"vc_column-inner\"><div class=\"wpb_wrapper\"><div id=\"uvc-type-wrap-7052\"  data-ultimate-target='#uvc-type-wrap-7052'  data-responsive-json-new='{\"font-size\":\"desktop:34px;\",\"line-height\":\"desktop:40px;\"}'  class=\"uvc-type-wrap  ult-adjust-bottom-margin ult-responsive  uvc-type-align-left  uvc-wrap-116223879469fecf28c425d\" style=\"font-weight:normal;text-align:left;\"><span  data-ultimate-target='#uvc-type-wrap-7052 .mycustfancy'  data-responsive-json-new='{\"font-size\":\"desktop:34px;\",\"line-height\":\"\"}'  class=\"ultimate-typewriter-prefix mycustfancy ult-responsive\" style=\"font-weight:normal;color:#6a6d74; text-transform: unset;\">VAMOS<\/span><span id=\"typed-116223879469fecf28c425d\" class=\"ultimate-typed-main\" style=\"color:#57bd2d; text-transform: unset;\"><\/span><script type=\"text\/javascript\"> \r\n\t\t\t\t\t\tjQuery(function($){ \r\n\t\t\t\t\t\t\t$(document).ready(function(){\r\n\t\t\t\t\t\t\t\tif( typeof jQuery(\"#typed-116223879469fecf28c425d\").typed == \"function\"){\r\n\t\t\t\t\t\t\t\t\t$(\"#typed-116223879469fecf28c425d\").typed({\r\n\t\t\t\t\t\t\t\t\t\tstrings: [\"TRABALHAR JUNTOS\"],\r\n\t\t\t\t\t\t\t\t\t\ttypeSpeed: 35,\r\n\t\t\t\t\t\t\t\t\t\tbackSpeed: 0,\r\n\t\t\t\t\t\t\t\t\t\tstartDelay: 200,\r\n\t\t\t\t\t\t\t\t\t\tbackDelay: 1500,\r\n\t\t\t\t\t\t\t\t\t\tloop: true,\r\n\t\t\t\t\t\t\t\t\t\tloopCount: false,\r\n\t\t\t\t\t\t\t\t\t\tshowCursor: true,\r\n\t\t\t\t\t\t\t\t\t\tcursorChar: \"|\",\r\n\t\t\t\t\t\t\t\t\t\tattr: null\r\n\t\t\t\t\t\t\t\t\t});\r\n\t\t\t\t\t\t\t\t}\r\n\t\t\t\t\t\t\t});\r\n\t\t\t\t\t\t});\r\n\t\t\t\t\t<\/script><style>\r\n\t\t\t\t\t\t\t.uvc-wrap-116223879469fecf28c425d .typed-cursor {\r\n\t\t\t\t\t\t\t\tcolor:#57bd2d;\r\n\t\t\t\t\t\t\t}\r\n\t\t\t\t\t\t<\/style><\/div><\/div><\/div><\/div><div class=\"vc_col-sm-4 wpb_column vc_column_container\"><div class=\"vc_column-inner\"><div class=\"wpb_wrapper\"><div class=\"w-btn-wrapper width_auto align_center\"><a class=\"w-btn us-btn-style_1 us_custom_e9b8b241 icon_atleft\" href=\"https:\/\/greenbush.co.mz\/pt\/pages\/contact\/\" target=\"_blank\" rel=\"noopener\"><i class=\"fas fa-phone\"><\/i><span class=\"w-btn-label\">CONTACTE-NOS<\/span><\/a><\/div><\/div><\/div><\/div><\/div><\/div><\/section><!-- Row Backgrounds --><div class=\"upb_color\" data-bg-override=\"0\" data-bg-color=\"#22252c\" data-fadeout=\"\" data-fadeout-percentage=\"30\" data-parallax-content=\"\" data-parallax-content-sense=\"30\" data-row-effect-mobile-disable=\"true\" data-img-parallax-mobile-disable=\"true\" data-rtl=\"false\"  data-custom-vc-row=\"\"  data-vc=\"6.2.0\"  data-is_old_vc=\"\"  data-theme-support=\"\"   data-overlay=\"false\" data-overlay-color=\"\" data-overlay-pattern=\"\" data-overlay-pattern-opacity=\"\" data-overlay-pattern-size=\"\"    ><\/div>","protected":false},"excerpt":{"rendered":"OUR VISION GREENBUSH is a full service event provider firm based in Maputo (Mozambique), that was created by pairing together our passion for business and events. Our team understands that a properly executed event can be leveraged to support an organization\u2019s strategic vision, incorporated into a company\u2019s marketing plan, or used to build networks and...","protected":false},"author":4,"featured_media":0,"parent":0,"menu_order":0,"comment_status":"closed","ping_status":"closed","template":"","meta":{"footnotes":""},"class_list":["post-23822","page","type-page","status-publish","hentry"],"yoast_head":"<!-- This site is optimized with the Yoast SEO plugin v19.7.1 - https:\/\/yoast.com\/wordpress\/plugins\/seo\/ -->\n<title>About | GREENBUSH | PRODUCTION<\/title>\n<meta name=\"description\" content=\"GREENBUSH is a full service event provider firm based in Maputo (Mozambique), that was created by pairing together our passion for business and events.\" \/>\n<meta name=\"robots\" content=\"index, follow, max-snippet:-1, max-image-preview:large, max-video-preview:-1\" \/>\n<link rel=\"canonical\" href=\"https:\/\/greenbush.co.mz\/pt\/about\/\" \/>\n<meta property=\"og:locale\" content=\"pt_PT\" \/>\n<meta property=\"og:type\" content=\"article\" \/>\n<meta property=\"og:title\" content=\"About | GREENBUSH | PRODUCTION\" \/>\n<meta property=\"og:description\" content=\"GREENBUSH is a full service event provider firm based in Maputo (Mozambique), that was created by pairing together our passion for business and events.\" \/>\n<meta property=\"og:url\" content=\"https:\/\/greenbush.co.mz\/pt\/about\/\" \/>\n<meta property=\"og:site_name\" content=\"GREENBUSH | PRODUCTION\" \/>\n<meta property=\"article:modified_time\" content=\"2022-06-16T11:57:24+00:00\" \/>\n<meta name=\"twitter:card\" content=\"summary_large_image\" \/>\n<meta name=\"twitter:label1\" content=\"Tempo estimado de leitura\" \/>\n\t<meta name=\"twitter:data1\" content=\"4 minutos\" \/>\n<script type=\"application\/ld+json\" class=\"yoast-schema-graph\">{\"@context\":\"https:\/\/schema.org\",\"@graph\":[{\"@type\":\"WebPage\",\"@id\":\"https:\/\/greenbush.co.mz\/about\/\",\"url\":\"https:\/\/greenbush.co.mz\/about\/\",\"name\":\"About | GREENBUSH | PRODUCTION\",\"isPartOf\":{\"@id\":\"https:\/\/greenbush.co.mz\/#website\"},\"datePublished\":\"2020-06-22T06:14:20+00:00\",\"dateModified\":\"2022-06-16T11:57:24+00:00\",\"description\":\"GREENBUSH is a full service event provider firm based in Maputo (Mozambique), that was created by pairing together our passion for business and events.\",\"breadcrumb\":{\"@id\":\"https:\/\/greenbush.co.mz\/about\/#breadcrumb\"},\"inLanguage\":\"pt-PT\",\"potentialAction\":[{\"@type\":\"ReadAction\",\"target\":[\"https:\/\/greenbush.co.mz\/about\/\"]}]},{\"@type\":\"BreadcrumbList\",\"@id\":\"https:\/\/greenbush.co.mz\/about\/#breadcrumb\",\"itemListElement\":[{\"@type\":\"ListItem\",\"position\":1,\"name\":\"Home\",\"item\":\"https:\/\/greenbush.co.mz\/\"},{\"@type\":\"ListItem\",\"position\":2,\"name\":\"About\"}]},{\"@type\":\"WebSite\",\"@id\":\"https:\/\/greenbush.co.mz\/#website\",\"url\":\"https:\/\/greenbush.co.mz\/\",\"name\":\"GREENBUSH PRODUCTION\",\"description\":\"\",\"publisher\":{\"@id\":\"https:\/\/greenbush.co.mz\/#organization\"},\"potentialAction\":[{\"@type\":\"SearchAction\",\"target\":{\"@type\":\"EntryPoint\",\"urlTemplate\":\"https:\/\/greenbush.co.mz\/?s={search_term_string}\"},\"query-input\":\"required name=search_term_string\"}],\"inLanguage\":\"pt-PT\"},{\"@type\":\"Organization\",\"@id\":\"https:\/\/greenbush.co.mz\/#organization\",\"name\":\"Greenbush Production\",\"url\":\"https:\/\/greenbush.co.mz\/\",\"sameAs\":[\"https:\/\/www.linkedin.com\/company\/greenbush-production\"],\"logo\":{\"@type\":\"ImageObject\",\"inLanguage\":\"pt-PT\",\"@id\":\"https:\/\/greenbush.co.mz\/#\/schema\/logo\/image\/\",\"url\":\"https:\/\/greenbush.co.mz\/wp-content\/uploads\/2017\/07\/Greenbush-logo.png\",\"contentUrl\":\"https:\/\/greenbush.co.mz\/wp-content\/uploads\/2017\/07\/Greenbush-logo.png\",\"width\":384,\"height\":107,\"caption\":\"Greenbush Production\"},\"image\":{\"@id\":\"https:\/\/greenbush.co.mz\/#\/schema\/logo\/image\/\"}}]}<\/script>\n<!-- \/ Yoast SEO plugin. -->","yoast_head_json":{"title":"About | GREENBUSH | PRODUCTION","description":"GREENBUSH is a full service event provider firm based in Maputo (Mozambique), that was created by pairing together our passion for business and events.","robots":{"index":"index","follow":"follow","max-snippet":"max-snippet:-1","max-image-preview":"max-image-preview:large","max-video-preview":"max-video-preview:-1"},"canonical":"https:\/\/greenbush.co.mz\/pt\/about\/","og_locale":"pt_PT","og_type":"article","og_title":"About | GREENBUSH | PRODUCTION","og_description":"GREENBUSH is a full service event provider firm based in Maputo (Mozambique), that was created by pairing together our passion for business and events.","og_url":"https:\/\/greenbush.co.mz\/pt\/about\/","og_site_name":"GREENBUSH | PRODUCTION","article_modified_time":"2022-06-16T11:57:24+00:00","twitter_card":"summary_large_image","twitter_misc":{"Tempo estimado de leitura":"4 minutos"},"schema":{"@context":"https:\/\/schema.org","@graph":[{"@type":"WebPage","@id":"https:\/\/greenbush.co.mz\/about\/","url":"https:\/\/greenbush.co.mz\/about\/","name":"About | GREENBUSH | PRODUCTION","isPartOf":{"@id":"https:\/\/greenbush.co.mz\/#website"},"datePublished":"2020-06-22T06:14:20+00:00","dateModified":"2022-06-16T11:57:24+00:00","description":"GREENBUSH is a full service event provider firm based in Maputo (Mozambique), that was created by pairing together our passion for business and events.","breadcrumb":{"@id":"https:\/\/greenbush.co.mz\/about\/#breadcrumb"},"inLanguage":"pt-PT","potentialAction":[{"@type":"ReadAction","target":["https:\/\/greenbush.co.mz\/about\/"]}]},{"@type":"BreadcrumbList","@id":"https:\/\/greenbush.co.mz\/about\/#breadcrumb","itemListElement":[{"@type":"ListItem","position":1,"name":"Home","item":"https:\/\/greenbush.co.mz\/"},{"@type":"ListItem","position":2,"name":"About"}]},{"@type":"WebSite","@id":"https:\/\/greenbush.co.mz\/#website","url":"https:\/\/greenbush.co.mz\/","name":"GREENBUSH PRODUCTION","description":"","publisher":{"@id":"https:\/\/greenbush.co.mz\/#organization"},"potentialAction":[{"@type":"SearchAction","target":{"@type":"EntryPoint","urlTemplate":"https:\/\/greenbush.co.mz\/?s={search_term_string}"},"query-input":"required name=search_term_string"}],"inLanguage":"pt-PT"},{"@type":"Organization","@id":"https:\/\/greenbush.co.mz\/#organization","name":"Greenbush Production","url":"https:\/\/greenbush.co.mz\/","sameAs":["https:\/\/www.linkedin.com\/company\/greenbush-production"],"logo":{"@type":"ImageObject","inLanguage":"pt-PT","@id":"https:\/\/greenbush.co.mz\/#\/schema\/logo\/image\/","url":"https:\/\/greenbush.co.mz\/wp-content\/uploads\/2017\/07\/Greenbush-logo.png","contentUrl":"https:\/\/greenbush.co.mz\/wp-content\/uploads\/2017\/07\/Greenbush-logo.png","width":384,"height":107,"caption":"Greenbush Production"},"image":{"@id":"https:\/\/greenbush.co.mz\/#\/schema\/logo\/image\/"}}]}},"_links":{"self":[{"href":"https:\/\/greenbush.co.mz\/pt\/wp-json\/wp\/v2\/pages\/23822","targetHints":{"allow":["GET"]}}],"collection":[{"href":"https:\/\/greenbush.co.mz\/pt\/wp-json\/wp\/v2\/pages"}],"about":[{"href":"https:\/\/greenbush.co.mz\/pt\/wp-json\/wp\/v2\/types\/page"}],"author":[{"embeddable":true,"href":"https:\/\/greenbush.co.mz\/pt\/wp-json\/wp\/v2\/users\/4"}],"replies":[{"embeddable":true,"href":"https:\/\/greenbush.co.mz\/pt\/wp-json\/wp\/v2\/comments?post=23822"}],"version-history":[{"count":29,"href":"https:\/\/greenbush.co.mz\/pt\/wp-json\/wp\/v2\/pages\/23822\/revisions"}],"predecessor-version":[{"id":24401,"href":"https:\/\/greenbush.co.mz\/pt\/wp-json\/wp\/v2\/pages\/23822\/revisions\/24401"}],"wp:attachment":[{"href":"https:\/\/greenbush.co.mz\/pt\/wp-json\/wp\/v2\/media?parent=23822"}],"curies":[{"name":"wp","href":"https:\/\/api.w.org\/{rel}","templated":true}]}}