{"id":10,"date":"2013-05-31T11:56:39","date_gmt":"2013-05-31T11:56:39","guid":{"rendered":"http:\/\/zephyr.us-themes.com\/pages\/contact\/"},"modified":"2023-01-15T23:14:14","modified_gmt":"2023-01-15T23:14:14","slug":"contact","status":"publish","type":"page","link":"https:\/\/greenbush.co.mz\/pt\/pages\/contact\/","title":{"rendered":"Contact"},"content":{"rendered":"<section class=\"l-section wpb_row height_small with_img\" id=\"contact-page\"><div class=\"l-section-img\" style=\"background-image: url(https:\/\/greenbush.co.mz\/wp-content\/uploads\/2020\/06\/background-scaled.jpg);\" data-img-width=\"2560\" data-img-height=\"1356\"><\/div><div class=\"l-section-h i-cf\"><div class=\"g-cols vc_row type_default valign_top\"><div class=\"vc_col-sm-8 wpb_column vc_column_container\"><div class=\"vc_column-inner\"><div class=\"wpb_wrapper\"><div class=\"wpb_text_column us_custom_6df4bc3a has_text_color\" ><div class=\"wpb_wrapper\"><h2>Formul\u00e1rio de Contacto<\/h2>\n<p style=\"text-align: left; font-size: 14px;\">Caso precise dos nossos servi\u00e7os, de um or\u00e7amento ou resposta a alguma quest\u00e3o n\u00e3o hesite em contactar-nos:<\/p>\n<\/div><\/div><div class=\"ult-spacer spacer-69feceff6a095\" data-id=\"69feceff6a095\" data-height=\"20\" data-height-mobile=\"20\" data-height-tab=\"20\" data-height-tab-portrait=\"\" data-height-mobile-landscape=\"\" style=\"clear:both;display:block;\"><\/div><div class=\"w-form  us_custom_6df4bc3a layout_ver for_cform us_form_1\" id=\"contact-form\">\r\n\t<form class=\"w-form-h\" autocomplete=\"off\" action=\"https:\/\/greenbush.co.mz\/pt\/wp-json\/wp\/v2\/pages\/10\" method=\"post\" data-trp-original-action=\"https:\/\/greenbush.co.mz\/pt\/wp-json\/wp\/v2\/pages\/10\">\r\n\t\t<div class=\"w-form-row for_text has_label move_label required with_icon\">\r\n\t\t\t<div class=\"w-form-row-label\">\r\n\t\t\t<span>Nome<\/span>\r\n\t\t<\/div>\r\n\t\t<div class=\"w-form-row-field\">\r\n\t\t\t\t<i class=\"material-icons\">person<\/i>\t\t<input aria-label=\"Name\" type=\"text\" name=\"us_form_1_text_1\" value=\"\" placeholder=\"\" data-required=\"true\" aria-required=\"true\"\/>\r\n\t\t\t<\/div>\r\n\t\t<div class=\"w-form-row-state\">Fill out this field<\/div>\r\n<\/div>\r\n<div class=\"w-form-row for_text has_label move_label required with_icon\">\r\n\t\t\t<div class=\"w-form-row-label\">\r\n\t\t\t<span>Email *<\/span>\r\n\t\t<\/div>\r\n\t\t<div class=\"w-form-row-field\">\r\n\t\t\t\t<i class=\"material-icons\">email<\/i>\t\t<input aria-label=\"Email\" type=\"text\" name=\"us_form_1_text_2\" value=\"\" placeholder=\"\" data-required=\"true\" aria-required=\"true\"\/>\r\n\t\t\t<\/div>\r\n\t\t<div class=\"w-form-row-state\">Fill out this field<\/div>\r\n<\/div>\r\n<div class=\"w-form-row for_textarea has_label move_label required with_icon\">\r\n\t\t\t<div class=\"w-form-row-label\">\r\n\t\t\t<span>Mensagem<\/span>\r\n\t\t<\/div>\r\n\t\t<div class=\"w-form-row-field\">\r\n\t\t\t\t<i class=\"material-icons\">create<\/i>\t\t<textarea aria-label=\"Message\" name=\"us_form_1_textarea_1\" placeholder=\"\" data-required=\"true\" aria-required=\"true\"><\/textarea>\r\n\t\t\t<\/div>\r\n\t\t<div class=\"w-form-row-state\">Fill out this field<\/div>\r\n<\/div>\r\n<div class=\"w-form-row for_captcha has_label move_label required\">\r\n\t<div class=\"w-form-row-label\">\r\n\t\t<span>Resolva essa quest\u00e3o para poder enviar a mensagem <span>26 + 1 = ?<\/span><\/span>\r\n\t<\/div>\r\n\t<div class=\"w-form-row-field\">\r\n\t\t\t\t<input type=\"hidden\" name=\"us_form_1_captcha_1_hash\" value=\"139b9b834c9a6992deca7898f581c5d4\" \/>\r\n\t\t\t\t<input aria-label=\"Resolva essa quest\u00e3o para poder enviar a mensagem\" type=\"text\" name=\"us_form_1_captcha_1\" placeholder=\"\" data-required=\"true\" aria-required=\"true\"\/>\r\n\t\t\t<\/div>\r\n\t\t<div class=\"w-form-row-state\">Enter the equation result to proceed<\/div>\r\n<\/div>\r\n<input type=\"hidden\" name=\"action\" value=\"us_ajax_cform\" \/><input type=\"hidden\" name=\"post_id\" value=\"10\" \/><input type=\"hidden\" name=\"form_index\" value=\"1\" \/><div class=\"w-form-row for_submit align_left\">\r\n\t<div class=\"w-form-row-field\">\r\n\t\t\t\t<button class=\"w-btn  us-btn-style_1\" aria-label=\"Enviar mensagem\" type=\"submit\">\r\n\t\t\t<span class=\"g-preloader type_1\"><\/span>\r\n\t\t\t\t\t\t<span class=\"w-btn-label\">Enviar mensagem<\/span>\r\n\t\t\t\t\t<\/button>\r\n\t<\/div>\r\n<\/div>\t<input type=\"hidden\" name=\"trp-form-language\" value=\"pt\"\/><\/form>\r\n\t<div class=\"w-form-message\"><\/div>\r\n\t<div class=\"w-form-json hidden\" onclick='return {&quot;ajaxurl&quot;:&quot;https:\\\/\\\/greenbush.co.mz\\\/wp-admin\\\/admin-ajax.php&quot;}'><\/div>\r\n<\/div><\/div><\/div><\/div><div class=\"vc_col-sm-4 wpb_column vc_column_container\"><div class=\"vc_column-inner\"><div class=\"wpb_wrapper\"><div class=\"wpb_text_column\" ><div class=\"wpb_wrapper\"><h3 style=\"color: #fff;\">Informa\u00e7\u00f5es para contacto<\/h3>\n<\/div><\/div><div class=\"w-separator size_small\"><\/div><div class=\"w-iconbox us_custom_137f0e2b iconpos_left style_default color_light align_left no_text has_text_color\"><div class=\"w-iconbox-icon\"><i class=\"material-icons\">phone<\/i><\/div><div class=\"w-iconbox-meta\"><h6 class=\"w-iconbox-title\">+258 84 499 6799<\/h6><\/div><\/div><div class=\"w-separator size_small\"><\/div><\/div><\/div><\/div><\/div><\/div><\/section><!-- Row Backgrounds --><div class=\"upb_color\" data-bg-override=\"0\" data-bg-color=\"\" data-fadeout=\"\" data-fadeout-percentage=\"30\" data-parallax-content=\"\" data-parallax-content-sense=\"30\" data-row-effect-mobile-disable=\"true\" data-img-parallax-mobile-disable=\"true\" data-rtl=\"false\"  data-custom-vc-row=\"\"  data-vc=\"6.2.0\"  data-is_old_vc=\"\"  data-theme-support=\"\"   data-overlay=\"false\" data-overlay-color=\"\" data-overlay-pattern=\"\" data-overlay-pattern-opacity=\"\" data-overlay-pattern-size=\"\"    ><\/div>","protected":false},"excerpt":{"rendered":"Contact form Whether you need our services, or simply want to place a question, we will be more than happy to talk to you! Name * person Fill out this field Email * email Fill out this field Message * create Fill out this field Resolva essa quest\u00e3o para poder enviar a mensagem 16 +...","protected":false},"author":4,"featured_media":0,"parent":1106,"menu_order":0,"comment_status":"closed","ping_status":"closed","template":"","meta":{"footnotes":""},"class_list":["post-10","page","type-page","status-publish","hentry"],"yoast_head":"<!-- This site is optimized with the Yoast SEO plugin v19.7.1 - https:\/\/yoast.com\/wordpress\/plugins\/seo\/ -->\n<title>Contact | GREENBUSH | PRODUCTION<\/title>\n<meta name=\"description\" content=\"Whether you need our services, or simply want to place a question, we will be more than happy to talk to you!\" \/>\n<meta name=\"robots\" content=\"index, follow, max-snippet:-1, max-image-preview:large, max-video-preview:-1\" \/>\n<link rel=\"canonical\" href=\"https:\/\/greenbush.co.mz\/pt\/pages\/contact\/\" \/>\n<meta property=\"og:locale\" content=\"pt_PT\" \/>\n<meta property=\"og:type\" content=\"article\" \/>\n<meta property=\"og:title\" content=\"Contact | GREENBUSH | PRODUCTION\" \/>\n<meta property=\"og:description\" content=\"Whether you need our services, or simply want to place a question, we will be more than happy to talk to you!\" \/>\n<meta property=\"og:url\" content=\"https:\/\/greenbush.co.mz\/pt\/pages\/contact\/\" \/>\n<meta property=\"og:site_name\" content=\"GREENBUSH | PRODUCTION\" \/>\n<meta property=\"article:modified_time\" content=\"2023-01-15T23:14:14+00:00\" \/>\n<meta name=\"twitter:card\" content=\"summary_large_image\" \/>\n<meta name=\"twitter:label1\" content=\"Tempo estimado de leitura\" \/>\n\t<meta name=\"twitter:data1\" content=\"1 minuto\" \/>\n<script type=\"application\/ld+json\" class=\"yoast-schema-graph\">{\"@context\":\"https:\/\/schema.org\",\"@graph\":[{\"@type\":\"WebPage\",\"@id\":\"https:\/\/greenbush.co.mz\/pages\/contact\/\",\"url\":\"https:\/\/greenbush.co.mz\/pages\/contact\/\",\"name\":\"Contact | GREENBUSH | PRODUCTION\",\"isPartOf\":{\"@id\":\"https:\/\/greenbush.co.mz\/#website\"},\"datePublished\":\"2013-05-31T11:56:39+00:00\",\"dateModified\":\"2023-01-15T23:14:14+00:00\",\"description\":\"Whether you need our services, or simply want to place a question, we will be more than happy to talk to you!\",\"breadcrumb\":{\"@id\":\"https:\/\/greenbush.co.mz\/pages\/contact\/#breadcrumb\"},\"inLanguage\":\"pt-PT\",\"potentialAction\":[{\"@type\":\"ReadAction\",\"target\":[\"https:\/\/greenbush.co.mz\/pages\/contact\/\"]}]},{\"@type\":\"BreadcrumbList\",\"@id\":\"https:\/\/greenbush.co.mz\/pages\/contact\/#breadcrumb\",\"itemListElement\":[{\"@type\":\"ListItem\",\"position\":1,\"name\":\"Home\",\"item\":\"https:\/\/greenbush.co.mz\/\"},{\"@type\":\"ListItem\",\"position\":2,\"name\":\"Page Examples\",\"item\":\"https:\/\/greenbush.co.mz\/pages\/\"},{\"@type\":\"ListItem\",\"position\":3,\"name\":\"Contact\"}]},{\"@type\":\"WebSite\",\"@id\":\"https:\/\/greenbush.co.mz\/#website\",\"url\":\"https:\/\/greenbush.co.mz\/\",\"name\":\"GREENBUSH PRODUCTION\",\"description\":\"\",\"publisher\":{\"@id\":\"https:\/\/greenbush.co.mz\/#organization\"},\"potentialAction\":[{\"@type\":\"SearchAction\",\"target\":{\"@type\":\"EntryPoint\",\"urlTemplate\":\"https:\/\/greenbush.co.mz\/?s={search_term_string}\"},\"query-input\":\"required name=search_term_string\"}],\"inLanguage\":\"pt-PT\"},{\"@type\":\"Organization\",\"@id\":\"https:\/\/greenbush.co.mz\/#organization\",\"name\":\"Greenbush Production\",\"url\":\"https:\/\/greenbush.co.mz\/\",\"sameAs\":[\"https:\/\/www.linkedin.com\/company\/greenbush-production\"],\"logo\":{\"@type\":\"ImageObject\",\"inLanguage\":\"pt-PT\",\"@id\":\"https:\/\/greenbush.co.mz\/#\/schema\/logo\/image\/\",\"url\":\"https:\/\/greenbush.co.mz\/wp-content\/uploads\/2017\/07\/Greenbush-logo.png\",\"contentUrl\":\"https:\/\/greenbush.co.mz\/wp-content\/uploads\/2017\/07\/Greenbush-logo.png\",\"width\":384,\"height\":107,\"caption\":\"Greenbush Production\"},\"image\":{\"@id\":\"https:\/\/greenbush.co.mz\/#\/schema\/logo\/image\/\"}}]}<\/script>\n<!-- \/ Yoast SEO plugin. -->","yoast_head_json":{"title":"Contact | GREENBUSH | PRODUCTION","description":"Whether you need our services, or simply want to place a question, we will be more than happy to talk to you!","robots":{"index":"index","follow":"follow","max-snippet":"max-snippet:-1","max-image-preview":"max-image-preview:large","max-video-preview":"max-video-preview:-1"},"canonical":"https:\/\/greenbush.co.mz\/pt\/pages\/contact\/","og_locale":"pt_PT","og_type":"article","og_title":"Contact | GREENBUSH | PRODUCTION","og_description":"Whether you need our services, or simply want to place a question, we will be more than happy to talk to you!","og_url":"https:\/\/greenbush.co.mz\/pt\/pages\/contact\/","og_site_name":"GREENBUSH | PRODUCTION","article_modified_time":"2023-01-15T23:14:14+00:00","twitter_card":"summary_large_image","twitter_misc":{"Tempo estimado de leitura":"1 minuto"},"schema":{"@context":"https:\/\/schema.org","@graph":[{"@type":"WebPage","@id":"https:\/\/greenbush.co.mz\/pages\/contact\/","url":"https:\/\/greenbush.co.mz\/pages\/contact\/","name":"Contact | GREENBUSH | PRODUCTION","isPartOf":{"@id":"https:\/\/greenbush.co.mz\/#website"},"datePublished":"2013-05-31T11:56:39+00:00","dateModified":"2023-01-15T23:14:14+00:00","description":"Whether you need our services, or simply want to place a question, we will be more than happy to talk to you!","breadcrumb":{"@id":"https:\/\/greenbush.co.mz\/pages\/contact\/#breadcrumb"},"inLanguage":"pt-PT","potentialAction":[{"@type":"ReadAction","target":["https:\/\/greenbush.co.mz\/pages\/contact\/"]}]},{"@type":"BreadcrumbList","@id":"https:\/\/greenbush.co.mz\/pages\/contact\/#breadcrumb","itemListElement":[{"@type":"ListItem","position":1,"name":"Home","item":"https:\/\/greenbush.co.mz\/"},{"@type":"ListItem","position":2,"name":"Page Examples","item":"https:\/\/greenbush.co.mz\/pages\/"},{"@type":"ListItem","position":3,"name":"Contact"}]},{"@type":"WebSite","@id":"https:\/\/greenbush.co.mz\/#website","url":"https:\/\/greenbush.co.mz\/","name":"GREENBUSH PRODUCTION","description":"","publisher":{"@id":"https:\/\/greenbush.co.mz\/#organization"},"potentialAction":[{"@type":"SearchAction","target":{"@type":"EntryPoint","urlTemplate":"https:\/\/greenbush.co.mz\/?s={search_term_string}"},"query-input":"required name=search_term_string"}],"inLanguage":"pt-PT"},{"@type":"Organization","@id":"https:\/\/greenbush.co.mz\/#organization","name":"Greenbush Production","url":"https:\/\/greenbush.co.mz\/","sameAs":["https:\/\/www.linkedin.com\/company\/greenbush-production"],"logo":{"@type":"ImageObject","inLanguage":"pt-PT","@id":"https:\/\/greenbush.co.mz\/#\/schema\/logo\/image\/","url":"https:\/\/greenbush.co.mz\/wp-content\/uploads\/2017\/07\/Greenbush-logo.png","contentUrl":"https:\/\/greenbush.co.mz\/wp-content\/uploads\/2017\/07\/Greenbush-logo.png","width":384,"height":107,"caption":"Greenbush Production"},"image":{"@id":"https:\/\/greenbush.co.mz\/#\/schema\/logo\/image\/"}}]}},"_links":{"self":[{"href":"https:\/\/greenbush.co.mz\/pt\/wp-json\/wp\/v2\/pages\/10","targetHints":{"allow":["GET"]}}],"collection":[{"href":"https:\/\/greenbush.co.mz\/pt\/wp-json\/wp\/v2\/pages"}],"about":[{"href":"https:\/\/greenbush.co.mz\/pt\/wp-json\/wp\/v2\/types\/page"}],"author":[{"embeddable":true,"href":"https:\/\/greenbush.co.mz\/pt\/wp-json\/wp\/v2\/users\/4"}],"replies":[{"embeddable":true,"href":"https:\/\/greenbush.co.mz\/pt\/wp-json\/wp\/v2\/comments?post=10"}],"version-history":[{"count":5,"href":"https:\/\/greenbush.co.mz\/pt\/wp-json\/wp\/v2\/pages\/10\/revisions"}],"predecessor-version":[{"id":24488,"href":"https:\/\/greenbush.co.mz\/pt\/wp-json\/wp\/v2\/pages\/10\/revisions\/24488"}],"up":[{"embeddable":true,"href":"https:\/\/greenbush.co.mz\/pt\/wp-json\/wp\/v2\/pages\/1106"}],"wp:attachment":[{"href":"https:\/\/greenbush.co.mz\/pt\/wp-json\/wp\/v2\/media?parent=10"}],"curies":[{"name":"wp","href":"https:\/\/api.w.org\/{rel}","templated":true}]}}